{"id":548,"date":"2017-01-18T09:31:07","date_gmt":"2017-01-18T09:31:07","guid":{"rendered":"http:\/\/txominbarullo.com\/?page_id=548"},"modified":"2017-08-07T07:37:17","modified_gmt":"2017-08-07T07:37:17","slug":"quien-fue-txomin-barullo","status":"publish","type":"page","link":"http:\/\/txominbarullo.com\/?page_id=548","title":{"rendered":"\u00bfQuien fue Txomin Barullo?"},"content":{"rendered":"<p>Txomin Barullo no es un personaje inventado por nuestra Konpartsa, sino que fue una persona real, una persona de carne y hueso, bilba\u00edno de pro, muy conocido en nuestro botxo y admirado por todos los que convivieron con \u00e9l.<\/p>\n<p>Emiliano de Arriaga incluye en su \u201cLexic\u00f3n etimol\u00f3gico, naturalista y popular del bilba\u00edno neto\u201d la palabra \u201c<strong>Chomin<\/strong>\u201d, defini\u00e9ndolo como: \u201c<em>Domingo; no el d\u00eda de precepto, sino el nombre propio de var\u00f3n. (\u2026) Conocimos un famoso \u201cChomin\u201d: \u201cChomin Barullo\u201d; hombre de grandes aptitudes e inteligencia superior, sumamente simp\u00e1tico y, como tal, relacionado aqu\u00ed con todo el mundo<\/em>\u201c.<\/p>\n<p>Pero los halagos para este ilustre personaje no termina aqu\u00ed, sino que Arriaga contin\u00faa defini\u00e9ndole como una persona \u201c<em>de coraz\u00f3n noble y generoso, car\u00e1cter bromista y bullanguero, acendrado bilbainismo y conocimientos enciclop\u00e9dicos. Era el pie indispensable para toda fiesta popular, procesi\u00f3n, baile, concierto, etc\u00e9tera. Era, adem\u00e1s, buen mozo y gran organizador, que lo mismo serv\u00eda para un fregado que para un barrido<\/em>\u201c.<\/p>\n<p>\u00bfPero, \u00bfcu\u00e1l era la verdadera identidad de este ilustre y admirado personaje? Como nos sigue contando Emiliano de Arriaga, su verdadero nombre era <strong>Domingo de Sagarm\u00ednaga<\/strong>, \u201c<em>inolvidable<\/em>\u201d y a quien tanto \u201c<em>se echa de menos en este pueblo<\/em>\u201c.<\/p>\n<p>El nombre de Txomin Barullo proviene de un personaje bilba\u00edno amante del txikiteo o poteo por el casco viejo, de nombre Txomin. Junto a su afici\u00f3n txikitera estaba el cantar canciones y muchas veces hacerlo por un pote, con todo lo cual generaba mucho barullo en bares y las calles. Fue un personaje real que era quien organizaba las fiestas de Bilbao principios del siglo XX. Con ese alma fiestera y popular se tom\u00f3 el nombre de este personaje para el colectivo.<\/p>\n","protected":false},"excerpt":{"rendered":"<p>Txomin Barullo no es un personaje inventado por nuestra Konpartsa, sino que fue una persona real, una persona de carne y hueso, bilba\u00edno de pro, muy conocido en nuestro botxo y admirado por todos los que convivieron con&#8230; <a class=\"read-more\" href=\"http:\/\/txominbarullo.com\/?page_id=548\">Read More<\/a><\/p>\n","protected":false},"author":1,"featured_media":886,"parent":0,"menu_order":0,"comment_status":"closed","ping_status":"closed","template":"template-full.php","meta":{"ngg_post_thumbnail":0},"_links":{"self":[{"href":"http:\/\/txominbarullo.com\/index.php?rest_route=\/wp\/v2\/pages\/548"}],"collection":[{"href":"http:\/\/txominbarullo.com\/index.php?rest_route=\/wp\/v2\/pages"}],"about":[{"href":"http:\/\/txominbarullo.com\/index.php?rest_route=\/wp\/v2\/types\/page"}],"author":[{"embeddable":true,"href":"http:\/\/txominbarullo.com\/index.php?rest_route=\/wp\/v2\/users\/1"}],"replies":[{"embeddable":true,"href":"http:\/\/txominbarullo.com\/index.php?rest_route=%2Fwp%2Fv2%2Fcomments&post=548"}],"version-history":[{"count":6,"href":"http:\/\/txominbarullo.com\/index.php?rest_route=\/wp\/v2\/pages\/548\/revisions"}],"predecessor-version":[{"id":899,"href":"http:\/\/txominbarullo.com\/index.php?rest_route=\/wp\/v2\/pages\/548\/revisions\/899"}],"wp:featuredmedia":[{"embeddable":true,"href":"http:\/\/txominbarullo.com\/index.php?rest_route=\/wp\/v2\/media\/886"}],"wp:attachment":[{"href":"http:\/\/txominbarullo.com\/index.php?rest_route=%2Fwp%2Fv2%2Fmedia&parent=548"}],"curies":[{"name":"wp","href":"https:\/\/api.w.org\/{rel}","templated":true}]}}