{"id":546,"date":"2017-01-18T09:31:07","date_gmt":"2017-01-18T09:31:07","guid":{"rendered":"http:\/\/txominbarullo.com\/?page_id=546"},"modified":"2017-08-07T07:35:17","modified_gmt":"2017-08-07T07:35:17","slug":"como-empezo","status":"publish","type":"page","link":"http:\/\/txominbarullo.com\/?page_id=546","title":{"rendered":"\u00bfC\u00f3mo empez\u00f3?"},"content":{"rendered":"<p>Durante los a\u00f1os de dictadura franquista en Bilbao la llamada Semana Grande de agosto ofrec\u00eda principalmente espect\u00e1culos de pago como \u00f3pera, toros y teatro que se complementaban con algunos actos p\u00fablicos como paseos de los Gigantes y Cabezudos, presencia en plazas y parques del Gargant\u00faa, recorridos de txistularis y tamborileros, conciertos de la Banda Municipal, actuaciones espor\u00e1dicas de danzas vascas, gui\u00f1oles, barracas -muchos a\u00f1os en la Campa de los Ingleses-, fuegos artificiales ocasionales y poco m\u00e1s. Todo ello sin participaci\u00f3n organizativa de la ciudadan\u00eda.<\/p>\n<p>Se convoco el el 1 de abril de 1978 el Concurso de Ideas bajo el lema \u201c<em>Hagamos populares las Fiestas de Bilbao<\/em>\u201d.<\/p>\n<p>El 75% del premio se lo llev\u00f3 el proyecto \u201c<strong>Txomin Barullo<\/strong>\u201d presentado por la Comisi\u00f3n de Cultura y Arte de la Organizaci\u00f3n en Vizcaya del <strong>Eukadiko Mugimendu Komunista<\/strong> (<strong>EMK<\/strong>)<\/p>\n<p>El Movimiento Comunista de Euskadi, conocido por <strong>EMK<\/strong>, acr\u00f3nimo de Euskadiko Mugimendu Komunista, en euskera, era un partido pol\u00edtico de corte comunista, que surgi\u00f3 a finales de los sesenta de una escisi\u00f3n de ETA, adoptando primero el nombre de ETA Berri (1966-1969), y luego Komunistak-Movimiento Comunista Vasco (1969-1972).<\/p>\n<p>Aunque en un principio tuvo los influjos del trotskismo en Europa tras el mayo franc\u00e9s del 68, EMK adoptaba una ideolog\u00eda mao\u00edsta por afinidad con la revoluci\u00f3n cultural china, pero con el paso de los a\u00f1os fue depurando el legado ideol\u00f3gico recibido (<em>marxismo, leninismo, mao\u00edsmo<\/em>).<\/p>\n<p>El 2 de abril de 1983 EMK se independiz\u00f3 organizativamente del MC para explorar nuevos espacios pol\u00edticos, lo que le llev\u00f3 a apoyar la coalici\u00f3n Auzolan, integrada por Liga Komunista Iraultzailea (LKI), LAIA (uno de los partidos fundadores de HB) y Nueva Izquierda (escisi\u00f3n de EE), y de la que no formaba parte EMK. Tras el fracaso electoral de Auzolan, EMK comenz\u00f3 una andadura conjunta con la formaci\u00f3n trotskista LKI.<\/p>\n<p>Apost\u00f3 por recoger el testigo de los movimientos sociales surgidos a comienzos de los a\u00f1os ochenta y su actividad,como en la campa\u00f1a en contra de la integraci\u00f3n en la OTAN en el refer\u00e9ndum de 1986, o en relaci\u00f3n a los movimientos de insumisi\u00f3n al servicio militar y el desmantelamiento del Pol\u00edgono de tiro de las Bardenas.<\/p>\n<p>En 1991, tras varios a\u00f1os de colaboraci\u00f3n, Euskadiko Mugimendu Komunista (EMK) y Liga Komunista Iraultzailea (LKI) decidieron converger y fusionarse, dando lugar a <strong>Zutik<\/strong>.<\/p>\n<p>Zutik se defin\u00eda a s\u00ed mismo como <em>partido pol\u00edtico vasco, de izquierda radical y revolucionario<\/em><\/p>\n<p>Zutik editaba mensualmente la revista <strong>Hika<\/strong>, con una tirada de 5.000 ejemplares, que era difundida a trav\u00e9s del correo, en bares y librer\u00edas. Dispon\u00eda de un responsable de redacci\u00f3n y una serie de colaboradores de apoyo, entre ellos personas destacadas de la vida social, intelectual y pol\u00edtica vasca. La publicaci\u00f3n no se limitaba al \u00e1mbito impreso y peri\u00f3dicamente organizaba charlas y conferencias en su <strong>ateneo<\/strong>.<\/p>\n<p>En noviembre de 2010 se comenz\u00f3 a plantear la <em>autodisoluci\u00f3n<\/em> de Zutik.<\/p>\n<p>Finalmente, la asamblea general extraordinaria celebrada en Bilbao el 17 de diciembre de 2011 decidi\u00f3 por unanimidad dar por finalizada la existencia organizativa de Zutik, aprobando su disoluci\u00f3n definitiva. A consecuencia de ello, la corriente interna Gorripidea adopt\u00f3 la decisi\u00f3n de constituirse en partido pol\u00edtico.<\/p>\n<p><strong>Gorripidea<\/strong> es un partido vasco de ideolog\u00eda anticapitalista, nacido en 2012 tras la disoluci\u00f3n de Zutik (partido pol\u00edtico creado en 1991 por la uni\u00f3n de EMK y LKI).<\/p>\n<p>Fundado en marzo de 2009 como corriente interna de Zutik. Se present\u00f3 como partido el 28 de enero de 2012 tras la disoluci\u00f3n de Zutik en diciembre de 2011. sindicalmente, sus miembros simpatizan con ESK.<\/p>\n<p>El 29 de noviembre de 2014 acord\u00f3 por unanimidad formalizar la compatibilidad de su militancia con la de otras organizaciones pol\u00edticas.<\/p>\n<p>En febrero de 2015 algunos militantes se integraron en <strong>Alternatiba<\/strong><\/p>\n<p>Actualmente en Txomin Barullo se trabajan con estos dos proyectos: <strong>Hika Ateneo<\/strong> y <strong>Gorripide<\/strong>.<\/p>\n","protected":false},"excerpt":{"rendered":"<p>Durante los a\u00f1os de dictadura franquista en Bilbao la llamada Semana Grande de agosto ofrec\u00eda principalmente espect\u00e1culos de pago como \u00f3pera, toros y teatro que se complementaban con algunos actos p\u00fablicos como paseos de los Gigantes y Cabezudos,&#8230; <a class=\"read-more\" href=\"http:\/\/txominbarullo.com\/?page_id=546\">Read More<\/a><\/p>\n","protected":false},"author":1,"featured_media":738,"parent":0,"menu_order":0,"comment_status":"closed","ping_status":"closed","template":"template-full.php","meta":{"ngg_post_thumbnail":0},"_links":{"self":[{"href":"http:\/\/txominbarullo.com\/index.php?rest_route=\/wp\/v2\/pages\/546"}],"collection":[{"href":"http:\/\/txominbarullo.com\/index.php?rest_route=\/wp\/v2\/pages"}],"about":[{"href":"http:\/\/txominbarullo.com\/index.php?rest_route=\/wp\/v2\/types\/page"}],"author":[{"embeddable":true,"href":"http:\/\/txominbarullo.com\/index.php?rest_route=\/wp\/v2\/users\/1"}],"replies":[{"embeddable":true,"href":"http:\/\/txominbarullo.com\/index.php?rest_route=%2Fwp%2Fv2%2Fcomments&post=546"}],"version-history":[{"count":5,"href":"http:\/\/txominbarullo.com\/index.php?rest_route=\/wp\/v2\/pages\/546\/revisions"}],"predecessor-version":[{"id":622,"href":"http:\/\/txominbarullo.com\/index.php?rest_route=\/wp\/v2\/pages\/546\/revisions\/622"}],"wp:featuredmedia":[{"embeddable":true,"href":"http:\/\/txominbarullo.com\/index.php?rest_route=\/wp\/v2\/media\/738"}],"wp:attachment":[{"href":"http:\/\/txominbarullo.com\/index.php?rest_route=%2Fwp%2Fv2%2Fmedia&parent=546"}],"curies":[{"name":"wp","href":"https:\/\/api.w.org\/{rel}","templated":true}]}}